{"id":8,"date":"2023-07-07T10:40:51","date_gmt":"2023-07-07T10:40:51","guid":{"rendered":"https:\/\/gold-ankauf-preis-muenchen.de\/?page_id=8"},"modified":"2023-08-12T10:25:34","modified_gmt":"2023-08-12T10:25:34","slug":"startseite","status":"publish","type":"page","link":"https:\/\/gold-ankauf-preis-muenchen.de\/","title":{"rendered":"Startseite"},"content":{"rendered":"<p><img decoding=\"async\" src=\"\/wp-content\/uploads\/photo-1551338224-b45dd28e951f-scaled.jpg\" alt=\"\"><\/p>\n<div>Was passiert beim Goldankauf?<\/div>\n<p><img decoding=\"async\" src=\"\/wp-content\/uploads\/photo-1585711715631-1e6bf224f092-scaled.jpg\" alt=\"\"><\/p>\n<h2>Traditionsunternehmen<\/h2>\n<div>\n<div class=\"fusion-text fusion-text-23\">\n<p>Wir verf\u00fcgen \u00fcber mehr als\u00a0<strong>20 Jahre Erfahrung<\/strong>\u00a0in der Bewertung von Goldschmuck aller Art, sowie Zahngold, M\u00fcnzen, Barren, und auch Bruchgold, in Gold, Silber und Platin.<\/p>\n<p>Wir sind daher eine der beliebtesten Anlaufstellen f\u00fcr transparente, schnelle und faire Abwicklung im Ankauf ihrer Wertgegenst\u00e4nde; das mit best\u00e4ndig guten Bestpreisen.<\/p>\n<p>Unsere Gesch\u00e4ftsr\u00e4ume sind hell und technisch modern ausgestattet: Wir \u00fcberpr\u00fcfen Ihre Goldst\u00fccke\u00a0 mit einem R\u00f6ntgenanalyseger\u00e4t und selbstverst\u00e4ndlich beh\u00f6rdlich geeichten Waagen.<\/p>\n<p>Der Ablauf von Bewertung und Auszahlung dauert in der Regel nur wenige Minuten.<\/p>\n<\/div>\n<\/div>\n<p><img decoding=\"async\" src=\"\/wp-content\/uploads\/photo-1624365168898-1f7189831f41-scaled.jpg\" alt=\"\"><\/p>\n<h2>Ablauf vom Goldankauf<\/h2>\n<div>\n<div class=\"uk-child-width-expand uk-grid-small uk-grid uk-grid-stack\" uk-grid=\"\">\n<div class=\"uk-width-auto uk-first-column\">\n<div class=\"el-title uk-margin-remove uk-h5 uk-text-muted\">1. grobe Sichtung und Besprechung der weiteren Vorgehensweise<\/div>\n<\/div>\n<div class=\"uk-grid-margin uk-first-column\"><\/div>\n<\/div>\n<div class=\"uk-child-width-expand uk-grid-small uk-grid uk-grid-stack\" uk-grid=\"\">\n<div class=\"uk-width-auto uk-first-column\">\n<div class=\"el-title uk-margin-remove uk-h5 uk-text-muted\">2. Gewissenhafte Begutachtung und genaue Ermittlung des Goldgehalts<\/div>\n<\/div>\n<div class=\"uk-grid-margin uk-first-column\"><\/div>\n<\/div>\n<div class=\"uk-child-width-expand uk-grid-small uk-grid uk-grid-stack\" uk-grid=\"\">\n<div class=\"uk-width-auto uk-first-column\">\n<div class=\"el-title uk-margin-remove uk-h5 uk-text-muted\">3. Wiegen auf regelm\u00e4\u00dfig vom Eichamt gepr\u00fcften Waagen<\/div>\n<\/div>\n<div class=\"uk-grid-margin uk-first-column\"><\/div>\n<\/div>\n<div class=\"uk-child-width-expand uk-grid-small uk-grid uk-grid-stack\" uk-grid=\"\">\n<div class=\"uk-width-auto uk-first-column\">\n<div class=\"el-title uk-margin-remove uk-h5 uk-text-muted\">4. Ermittlung des Ankaufspreises mittels Goldrechner, welcher mit der B\u00f6rse verkn\u00fcpft ist<\/div>\n<\/div>\n<div class=\"uk-grid-margin uk-first-column\"><\/div>\n<\/div>\n<div class=\"uk-child-width-expand uk-grid-small uk-grid\" uk-grid=\"\">\n<div class=\"uk-width-auto uk-first-column\">\n<div class=\"el-title uk-margin-remove uk-h5 uk-text-muted\">5. unverbindliches Angebot<\/div>\n<\/div>\n<div><\/div>\n<\/div>\n<div class=\"uk-child-width-expand uk-grid-small uk-grid uk-grid-stack\" uk-grid=\"\">\n<div class=\"uk-width-auto uk-first-column\">\n<div class=\"el-title uk-margin-remove uk-h5 uk-text-muted\">6. Auszahlung bar, ohne jegliche Abz\u00fcge; auf Wunsch \u00dcberweisung auf Bankkonto<\/div>\n<\/div>\n<\/div>\n<\/div>\n<p><img decoding=\"async\" src=\"\/wp-content\/uploads\/photo-1611107683227-e9060eccd846-scaled.jpg\" alt=\"\"><\/p>\n<h2>Tipps f\u00fcr einen erfolgreichen Goldverkauf<\/h2>\n<div>\n<p>Gold und andere Edelmetalle zu verkaufen ist Vertrauenssache; so wird Ihr Goldverkauf ein Erfolg:<\/p>\n<p>Das Wiegen und Bewerten des Goldschmuckes findet bei einem seri\u00f6sen Ank\u00e4ufer immer im Beisein des Kunden statt.<\/p>\n<p>An der Waage ist ein kleiner Aufkleber vom Eichamt mit aktuellem Eichstatus zu sehen.<\/p>\n<p>Keinerlei versteckte Kosten oder Sch\u00e4tzgeb\u00fchren.<\/p>\n<p>Freundlicher, transparenter Umgang bei Nachfragen oder Unklarheiten.<\/p>\n<\/p>\n<\/div>\n<p>\n    <a href=\"https:\/\/www.goldankauf-pro24.de\/goldrechner.html\">JETZT VERKAUFEN<\/a>\n<\/p>\n<p><!--more--><br \/>\n<!-- {\"type\":\"layout\",\"children\":[{\"type\":\"section\",\"props\":{\"image_position\":\"center-center\",\"padding\":\"large\",\"style\":\"default\",\"title_breakpoint\":\"xl\",\"title_position\":\"top-left\",\"title_rotation\":\"left\",\"vertical_align\":\"middle\",\"width\":\"default\"},\"children\":[{\"type\":\"row\",\"props\":{\"margin\":\"xlarge\"},\"children\":[{\"type\":\"column\",\"props\":{\"image_position\":\"center-center\",\"position_sticky_breakpoint\":\"m\",\"width_medium\":\"1-1\"},\"children\":[{\"type\":\"image\",\"props\":{\"image\":\"wp-content\\\/uploads\\\/photo-1551338224-b45dd28e951f-scaled.jpg\",\"image_focal_point\":\"bottom-center\",\"image_height\":\"800\",\"image_svg_color\":\"emphasis\",\"image_width\":\"2560\",\"margin\":\"default\",\"text_align\":\"center\"}},{\"type\":\"headline\",\"props\":{\"content\":\"Was passiert beim Goldankauf?\",\"margin\":\"default\",\"text_align\":\"center\",\"title_element\":\"div\",\"title_style\":\"h1\"}}]}]},{\"type\":\"row\",\"props\":{\"column_gap\":\"large\",\"layout\":\"1-2,1-2\",\"row_gap\":\"large\"},\"children\":[{\"type\":\"column\",\"props\":{\"image_position\":\"center-center\",\"position_sticky_breakpoint\":\"m\",\"vertical_align\":\"middle\",\"width_small\":\"1-2\"},\"children\":[{\"type\":\"image\",\"props\":{\"animation\":\"parallax\",\"image\":\"wp-content\\\/uploads\\\/photo-1585711715631-1e6bf224f092-scaled.jpg\",\"image_svg_color\":\"emphasis\",\"image_width\":\"610\",\"margin\":\"default\",\"parallax_easing\":\"1\",\"parallax_y\":\"0,3vh\",\"text_align\":\"center\"}},{\"type\":\"image\",\"props\":{\"animation\":\"parallax\",\"css\":\".el-image { \\n    min-width: 80px;\\n    max-width: 15vw;\\n}\",\"image\":\"\",\"image_svg_color\":\"emphasis\",\"image_width\":\"140\",\"margin\":\"default\",\"parallax_easing\":\"1\",\"parallax_y\":\"0,-5vh\",\"position\":\"absolute\",\"position_bottom\":\"10vw\",\"position_left\":\"2vw\",\"text_align\":\"right\",\"text_align_breakpoint\":\"s\",\"text_align_fallback\":\"left\"}}]},{\"type\":\"column\",\"props\":{\"image_position\":\"center-center\",\"position_sticky_breakpoint\":\"m\",\"vertical_align\":\"middle\",\"width_small\":\"1-2\"},\"children\":[{\"type\":\"headline\",\"props\":{\"block_align\":\"center\",\"content\":\"Traditionsunternehmen\",\"maxwidth\":\"large\",\"text_align\":\"left\",\"text_align_breakpoint\":\"s\",\"text_align_fallback\":\"center\",\"title_element\":\"h2\",\"title_style\":\"h4\"}},{\"type\":\"text\",\"props\":{\"block_align\":\"center\",\"column_breakpoint\":\"m\",\"content\":\"\n\n<div class=\\\"fusion-text fusion-text-23\\\">\\n\n\n<p>Wir verf\\u00fcgen \\u00fcber mehr als\\u00a0<strong>20 Jahre Erfahrung<\\\/strong>\\u00a0in der Bewertung von Goldschmuck aller Art, sowie Zahngold, M\\u00fcnzen, Barren, und auch Bruchgold, in Gold, Silber und Platin.<\\\/p>\\n\n\n<p>Wir sind daher eine der beliebtesten Anlaufstellen f\\u00fcr transparente, schnelle und faire Abwicklung im Ankauf ihrer Wertgegenst\\u00e4nde; das mit best\\u00e4ndig guten Bestpreisen.<\\\/p>\\n\n\n<p>Unsere Gesch\\u00e4ftsr\\u00e4ume sind hell und technisch modern ausgestattet: Wir \\u00fcberpr\\u00fcfen Ihre Goldst\\u00fccke\\u00a0 mit einem R\\u00f6ntgenanalyseger\\u00e4t und selbstverst\\u00e4ndlich beh\\u00f6rdlich geeichten Waagen.<\\\/p>\\n\n\n<p>Der Ablauf von Bewertung und Auszahlung dauert in der Regel nur wenige Minuten.<\\\/p>\\n<\\\/div>\",\"margin\":\"medium\",\"maxwidth\":\"large\",\"maxwidth_breakpoint\":\"s\",\"text_align\":\"left\"}}]}]},{\"type\":\"row\",\"props\":{\"column_gap\":\"large\",\"layout\":\"1-2,1-2\",\"margin\":\"large\",\"row_gap\":\"large\"},\"children\":[{\"type\":\"column\",\"props\":{\"image_position\":\"center-center\",\"position_sticky_breakpoint\":\"m\",\"vertical_align\":\"middle\",\"width_small\":\"1-2\"},\"children\":[{\"type\":\"image\",\"props\":{\"animation\":\"parallax\",\"image\":\"wp-content\\\/uploads\\\/photo-1624365168898-1f7189831f41-scaled.jpg\",\"image_svg_color\":\"emphasis\",\"image_width\":\"620\",\"margin\":\"default\",\"parallax_easing\":\"1\",\"parallax_y\":\"0,3vh\",\"text_align\":\"center\"}}]},{\"type\":\"column\",\"props\":{\"image_position\":\"center-center\",\"order_first\":\"s\",\"position_sticky_breakpoint\":\"m\",\"vertical_align\":\"middle\",\"width_small\":\"1-2\"},\"children\":[{\"type\":\"headline\",\"props\":{\"block_align\":\"center\",\"content\":\"Ablauf vom Goldankauf\",\"maxwidth\":\"large\",\"text_align\":\"left\",\"text_align_breakpoint\":\"s\",\"text_align_fallback\":\"center\",\"title_element\":\"h2\",\"title_style\":\"h4\"}},{\"type\":\"text\",\"props\":{\"column_breakpoint\":\"m\",\"content\":\"\n\n<div class=\\\"uk-child-width-expand uk-grid-small uk-grid uk-grid-stack\\\" uk-grid=\\\"\\\">\\n\n\n<div class=\\\"uk-width-auto uk-first-column\\\">\\n\n\n<div class=\\\"el-title uk-margin-remove uk-h5 uk-text-muted\\\">1. grobe Sichtung und Besprechung der weiteren Vorgehensweise<\\\/div>\\n<\\\/div>\\n\n\n<div class=\\\"uk-grid-margin uk-first-column\\\"><\\\/div>\\n<\\\/div>\\n\n\n<div class=\\\"uk-child-width-expand uk-grid-small uk-grid uk-grid-stack\\\" uk-grid=\\\"\\\">\\n\n\n<div class=\\\"uk-width-auto uk-first-column\\\">\\n\n\n<div class=\\\"el-title uk-margin-remove uk-h5 uk-text-muted\\\">2. Gewissenhafte Begutachtung und genaue Ermittlung des Goldgehalts<\\\/div>\\n<\\\/div>\\n\n\n<div class=\\\"uk-grid-margin uk-first-column\\\"><\\\/div>\\n<\\\/div>\\n\n\n<div class=\\\"uk-child-width-expand uk-grid-small uk-grid uk-grid-stack\\\" uk-grid=\\\"\\\">\\n\n\n<div class=\\\"uk-width-auto uk-first-column\\\">\\n\n\n<div class=\\\"el-title uk-margin-remove uk-h5 uk-text-muted\\\">3. Wiegen auf regelm\\u00e4\\u00dfig vom Eichamt gepr\\u00fcften Waagen<\\\/div>\\n<\\\/div>\\n\n\n<div class=\\\"uk-grid-margin uk-first-column\\\"><\\\/div>\\n<\\\/div>\\n\n\n<div class=\\\"uk-child-width-expand uk-grid-small uk-grid uk-grid-stack\\\" uk-grid=\\\"\\\">\\n\n\n<div class=\\\"uk-width-auto uk-first-column\\\">\\n\n\n<div class=\\\"el-title uk-margin-remove uk-h5 uk-text-muted\\\">4. Ermittlung des Ankaufspreises mittels Goldrechner, welcher mit der B\\u00f6rse verkn\\u00fcpft ist<\\\/div>\\n<\\\/div>\\n\n\n<div class=\\\"uk-grid-margin uk-first-column\\\"><\\\/div>\\n<\\\/div>\\n\n\n<div class=\\\"uk-child-width-expand uk-grid-small uk-grid\\\" uk-grid=\\\"\\\">\\n\n\n<div class=\\\"uk-width-auto uk-first-column\\\">\\n\n\n<div class=\\\"el-title uk-margin-remove uk-h5 uk-text-muted\\\">5. unverbindliches Angebot<\\\/div>\\n<\\\/div>\\n\n\n<div><\\\/div>\\n<\\\/div>\\n\n\n<div class=\\\"uk-child-width-expand uk-grid-small uk-grid uk-grid-stack\\\" uk-grid=\\\"\\\">\\n\n\n<div class=\\\"uk-width-auto uk-first-column\\\">\\n\n\n<div class=\\\"el-title uk-margin-remove uk-h5 uk-text-muted\\\">6. Auszahlung bar, ohne jegliche Abz\\u00fcge; auf Wunsch \\u00dcberweisung auf Bankkonto<\\\/div>\\n<\\\/div>\\n<\\\/div>\",\"margin\":\"default\"}}]}]},{\"type\":\"row\",\"props\":{\"column_gap\":\"large\",\"layout\":\"1-2,1-2\",\"row_gap\":\"large\"},\"children\":[{\"type\":\"column\",\"props\":{\"image_position\":\"center-center\",\"position_sticky_breakpoint\":\"m\",\"width_small\":\"1-2\"},\"children\":[{\"type\":\"image\",\"props\":{\"animation\":\"parallax\",\"image\":\"wp-content\\\/uploads\\\/photo-1611107683227-e9060eccd846-scaled.jpg\",\"image_svg_color\":\"emphasis\",\"image_width\":\"620\",\"margin\":\"default\",\"parallax_easing\":\"1\",\"parallax_y\":\"0,-3vh\",\"text_align\":\"center\"}}]},{\"type\":\"column\",\"props\":{\"image_position\":\"center-center\",\"position_sticky_breakpoint\":\"m\",\"vertical_align\":\"middle\",\"width_small\":\"1-2\"},\"children\":[{\"type\":\"headline\",\"props\":{\"block_align\":\"center\",\"content\":\"Tipps f\\u00fcr einen erfolgreichen Goldverkauf\",\"maxwidth\":\"large\",\"text_align\":\"left\",\"text_align_breakpoint\":\"s\",\"text_align_fallback\":\"center\",\"title_element\":\"h2\",\"title_style\":\"h4\"}},{\"type\":\"text\",\"props\":{\"block_align\":\"center\",\"column_breakpoint\":\"m\",\"content\":\"\n\n<p>Gold und andere Edelmetalle zu verkaufen ist Vertrauenssache; so wird Ihr Goldverkauf ein Erfolg:<\\\/p>\\n\n\n<p>Das Wiegen und Bewerten des Goldschmuckes findet bei einem seri\\u00f6sen Ank\\u00e4ufer immer im Beisein des Kunden statt.<\\\/p>\\n\n\n<p>An der Waage ist ein kleiner Aufkleber vom Eichamt mit aktuellem Eichstatus zu sehen.<\\\/p>\\n\n\n<p>Keinerlei versteckte Kosten oder Sch\\u00e4tzgeb\\u00fchren.<\\\/p>\\n\n\n<p>Freundlicher, transparenter Umgang bei Nachfragen oder Unklarheiten.<\\\/p>\\n\n\n<p><\\\/p>\",\"margin\":\"medium\",\"maxwidth\":\"large\",\"maxwidth_breakpoint\":\"s\",\"text_align\":\"left\"}},{\"type\":\"button\",\"props\":{\"grid_column_gap\":\"small\",\"grid_row_gap\":\"small\",\"margin\":\"default\"},\"children\":[{\"type\":\"button_item\",\"props\":{\"button_style\":\"default\",\"content\":\"JETZT VERKAUFEN\",\"icon_align\":\"left\",\"link\":\"https:\\\/\\\/www.goldankauf-pro24.de\\\/goldrechner.html\"}}]}]}]}],\"name\":\"About\"},{\"type\":\"section\",\"props\":{\"image_position\":\"center-center\",\"padding\":\"xlarge\",\"preserve_color\":false,\"style\":\"primary\",\"title_breakpoint\":\"xl\",\"title_position\":\"top-left\",\"title_rotation\":\"left\",\"vertical_align\":\"middle\",\"width\":\"xlarge\"},\"children\":[{\"type\":\"row\",\"props\":{\"layout\":\"expand,large,expand\"},\"children\":[{\"type\":\"column\",\"props\":{\"image_position\":\"center-center\",\"position_sticky_breakpoint\":\"m\",\"vertical_align\":\"bottom\",\"width_medium\":\"expand\"}},{\"type\":\"column\",\"props\":{\"image_position\":\"center-center\",\"position_sticky_breakpoint\":\"m\",\"width_medium\":\"2xlarge\"}},{\"type\":\"column\",\"props\":{\"image_position\":\"center-center\",\"position_sticky_breakpoint\":\"m\",\"width_medium\":\"expand\"}}]}],\"name\":\"Call to Action\"}],\"version\":\"4.0.8\"} --><\/p>\n","protected":false},"excerpt":{"rendered":"<p>Was passiert beim Goldankauf? Traditionsunternehmen Wir verf\u00fcgen \u00fcber mehr als\u00a020 Jahre Erfahrung\u00a0in der Bewertung von Goldschmuck aller Art, sowie Zahngold, M\u00fcnzen, Barren, und auch Bruchgold, in Gold, Silber und Platin. Wir sind daher eine der beliebtesten Anlaufstellen f\u00fcr transparente, schnelle und faire Abwicklung im Ankauf ihrer Wertgegenst\u00e4nde; das mit best\u00e4ndig guten Bestpreisen. Unsere Gesch\u00e4ftsr\u00e4ume sind [&hellip;]<\/p>\n","protected":false},"author":1,"featured_media":0,"parent":0,"menu_order":0,"comment_status":"closed","ping_status":"closed","template":"","meta":{"footnotes":""},"class_list":["post-8","page","type-page","status-publish","hentry"],"_links":{"self":[{"href":"https:\/\/gold-ankauf-preis-muenchen.de\/index.php\/wp-json\/wp\/v2\/pages\/8","targetHints":{"allow":["GET"]}}],"collection":[{"href":"https:\/\/gold-ankauf-preis-muenchen.de\/index.php\/wp-json\/wp\/v2\/pages"}],"about":[{"href":"https:\/\/gold-ankauf-preis-muenchen.de\/index.php\/wp-json\/wp\/v2\/types\/page"}],"author":[{"embeddable":true,"href":"https:\/\/gold-ankauf-preis-muenchen.de\/index.php\/wp-json\/wp\/v2\/users\/1"}],"replies":[{"embeddable":true,"href":"https:\/\/gold-ankauf-preis-muenchen.de\/index.php\/wp-json\/wp\/v2\/comments?post=8"}],"version-history":[{"count":14,"href":"https:\/\/gold-ankauf-preis-muenchen.de\/index.php\/wp-json\/wp\/v2\/pages\/8\/revisions"}],"predecessor-version":[{"id":53,"href":"https:\/\/gold-ankauf-preis-muenchen.de\/index.php\/wp-json\/wp\/v2\/pages\/8\/revisions\/53"}],"wp:attachment":[{"href":"https:\/\/gold-ankauf-preis-muenchen.de\/index.php\/wp-json\/wp\/v2\/media?parent=8"}],"curies":[{"name":"wp","href":"https:\/\/api.w.org\/{rel}","templated":true}]}}